{"id":2,"date":"2024-03-01T13:39:27","date_gmt":"2024-03-01T10:39:27","guid":{"rendered":"https:\/\/cesim.tr\/?page_id=2"},"modified":"2024-11-19T21:32:20","modified_gmt":"2024-11-19T20:32:20","slug":"ornek-sayfa","status":"publish","type":"page","link":"https:\/\/cesim.tr\/","title":{"rendered":""},"content":{"rendered":"<div class=\"wpb-content-wrapper\"><p>[vc_row full_width=&#8221;stretch_row_content&#8221; css=&#8221;.vc_custom_1727037343857{padding-right: 50px !important;padding-left: 50px !important;}&#8221;][vc_column width=&#8221;1\/4&#8243;][\/vc_column][vc_column width=&#8221;1\/4&#8243;][vc_column_text]<\/p>\n<h1 style=\"text-align: center;\"><span style=\"color: #f56c04;\">Cesim.tr\u00a0<\/span><\/h1>\n<h3 style=\"text-align: center;\"><strong>Ho\u015f Geldiniz!<\/strong><\/h3>\n<p style=\"text-align: center;\">Bu alan ad\u0131, ki\u015fisel bir proje kapsam\u0131nda veya gelecekteki bireysel bir giri\u015fim i\u00e7in ayr\u0131lm\u0131\u015ft\u0131r.<\/p>\n<p style=\"text-align: center;\">Bu alan ad\u0131, ismi \u00e7a\u011fr\u0131\u015f\u0131m yapabilecek herhangi bir ticari marka veya organizasyonla do\u011frudan ya da dolayl\u0131 bir ba\u011f ta\u015f\u0131mamaktad\u0131r. Tamamen bireysel kullan\u0131m amac\u0131yla kaydedilmi\u015ftir.<\/p>\n<p style=\"text-align: center;\">E\u011fer bu domain hakk\u0131nda sorular\u0131n\u0131z veya i\u015f birli\u011fi teklifiniz varsa, ileti\u015fim formumuzu kullanarak bize ula\u015fabilirsiniz.<\/p>\n<h6 style=\"text-align: center;\"><strong>\u00d6nemli Not<\/strong><br \/>\nBu site herhangi bir ticari faaliyet y\u00fcr\u00fctmemektedir.<br \/>\nE\u011fer bu alan ad\u0131n\u0131n ba\u015fka bir ama\u00e7la kullan\u0131lmas\u0131 gerekti\u011fini d\u00fc\u015f\u00fcn\u00fcyorsan\u0131z, l\u00fctfen ileti\u015fim formu arac\u0131l\u0131\u011f\u0131yla bizimle ileti\u015fime ge\u00e7in.<\/h6>\n<p>[\/vc_column_text][\/vc_column][vc_column width=&#8221;1\/4&#8243;][vc_column_text]<div id=\"cf7cstmzr-form\" class=\"cf7cstmzr-form-ce413f0 cf7cstmzr-form\">\n<div class=\"wpcf7 no-js\" id=\"wpcf7-f30-o1\" lang=\"tr-TR\" dir=\"ltr\" data-wpcf7-id=\"30\">\n<div class=\"screen-reader-response\"><p role=\"status\" aria-live=\"polite\" aria-atomic=\"true\"><\/p> <ul><\/ul><\/div>\n<form action=\"\/index.php\/wp-json\/wp\/v2\/pages\/2#wpcf7-f30-o1\" method=\"post\" class=\"wpcf7-form init\" aria-label=\"\u0130leti\u015fim Formu\" novalidate=\"novalidate\" data-status=\"init\">\n<div style=\"display: none;\">\n<input type=\"hidden\" name=\"_wpcf7\" value=\"30\" \/>\n<input type=\"hidden\" name=\"_wpcf7_version\" value=\"6.0.4\" \/>\n<input type=\"hidden\" name=\"_wpcf7_locale\" value=\"tr_TR\" \/>\n<input type=\"hidden\" name=\"_wpcf7_unit_tag\" value=\"wpcf7-f30-o1\" \/>\n<input type=\"hidden\" name=\"_wpcf7_container_post\" value=\"0\" \/>\n<input type=\"hidden\" name=\"_wpcf7_posted_data_hash\" value=\"\" \/>\n<input type=\"hidden\" name=\"_wpcf7_recaptcha_response\" value=\"\" \/>\n<\/div>\n<p><label> Ad\u0131n\u0131z ve Soyad\u0131n\u0131z:<br \/>\n<span class=\"wpcf7-form-control-wrap\" data-name=\"adinizvesoyadiniz\"><input size=\"40\" maxlength=\"400\" class=\"wpcf7-form-control wpcf7-text wpcf7-validates-as-required\" aria-required=\"true\" aria-invalid=\"false\" value=\"\" type=\"text\" name=\"adinizvesoyadiniz\" \/><\/span> <\/label>\n<\/p>\n<p><label> E-posta Adresiniz:<br \/>\n<span class=\"wpcf7-form-control-wrap\" data-name=\"eposta\"><input size=\"40\" maxlength=\"400\" class=\"wpcf7-form-control wpcf7-email wpcf7-validates-as-required wpcf7-text wpcf7-validates-as-email\" aria-required=\"true\" aria-invalid=\"false\" value=\"\" type=\"email\" name=\"eposta\" \/><\/span> <\/label>\n<\/p>\n<p><label> Telefon Numaran\u0131z:<br \/>\n<span class=\"wpcf7-form-control-wrap\" data-name=\"telefon\"><input size=\"40\" maxlength=\"400\" class=\"wpcf7-form-control wpcf7-tel wpcf7-validates-as-required wpcf7-text wpcf7-validates-as-tel\" aria-required=\"true\" aria-invalid=\"false\" value=\"\" type=\"tel\" name=\"telefon\" \/><\/span> <\/label>\n<\/p>\n<p><label> Mesaj\u0131n\u0131z (iste\u011fe ba\u011fl\u0131):<br \/>\n<span class=\"wpcf7-form-control-wrap\" data-name=\"mesaj\"><textarea cols=\"40\" rows=\"10\" maxlength=\"2000\" class=\"wpcf7-form-control wpcf7-textarea\" aria-invalid=\"false\" name=\"mesaj\"><\/textarea><\/span> <\/label>\n<\/p>\n<p><input class=\"wpcf7-form-control wpcf7-submit has-spinner\" type=\"submit\" value=\"G\u00f6nder\" \/>\n<\/p><div class=\"wpcf7-response-output\" aria-hidden=\"true\"><\/div>\n<\/form>\n<\/div>\n<\/div>[\/vc_column_text][\/vc_column][vc_column width=&#8221;1\/4&#8243;][\/vc_column][\/vc_row]<\/p>\n<\/div>","protected":false},"excerpt":{"rendered":"<p>[vc_row full_width=&#8221;stretch_row_content&#8221; css=&#8221;.vc_custom_1727037343857{padding-right: 50px !important;padding-left: 50px !important;}&#8221;][vc_column width=&#8221;1\/4&#8243;][\/vc_column][vc_column width=&#8221;1\/4&#8243;][vc_column_text] Cesim.tr\u00a0 Ho\u015f Geldiniz! Bu alan ad\u0131, ki\u015fisel bir proje kapsam\u0131nda veya gelecekteki bireysel bir giri\u015fim i\u00e7in ayr\u0131lm\u0131\u015ft\u0131r. Bu alan ad\u0131, ismi \u00e7a\u011fr\u0131\u015f\u0131m yapabilecek herhangi bir ticari marka veya organizasyonla do\u011frudan ya da dolayl\u0131 bir ba\u011f ta\u015f\u0131mamaktad\u0131r. Tamamen bireysel kullan\u0131m amac\u0131yla kaydedilmi\u015ftir. E\u011fer bu domain hakk\u0131nda sorular\u0131n\u0131z [&hellip;]<\/p>\n","protected":false},"author":1,"featured_media":0,"parent":0,"menu_order":0,"comment_status":"closed","ping_status":"open","template":"","meta":{"footnotes":""},"class_list":["post-2","page","type-page","status-publish","hentry"],"_links":{"self":[{"href":"https:\/\/cesim.tr\/index.php\/wp-json\/wp\/v2\/pages\/2","targetHints":{"allow":["GET"]}}],"collection":[{"href":"https:\/\/cesim.tr\/index.php\/wp-json\/wp\/v2\/pages"}],"about":[{"href":"https:\/\/cesim.tr\/index.php\/wp-json\/wp\/v2\/types\/page"}],"author":[{"embeddable":true,"href":"https:\/\/cesim.tr\/index.php\/wp-json\/wp\/v2\/users\/1"}],"replies":[{"embeddable":true,"href":"https:\/\/cesim.tr\/index.php\/wp-json\/wp\/v2\/comments?post=2"}],"version-history":[{"count":23,"href":"https:\/\/cesim.tr\/index.php\/wp-json\/wp\/v2\/pages\/2\/revisions"}],"predecessor-version":[{"id":41,"href":"https:\/\/cesim.tr\/index.php\/wp-json\/wp\/v2\/pages\/2\/revisions\/41"}],"wp:attachment":[{"href":"https:\/\/cesim.tr\/index.php\/wp-json\/wp\/v2\/media?parent=2"}],"curies":[{"name":"wp","href":"https:\/\/api.w.org\/{rel}","templated":true}]}}